{"id":83,"date":"2020-07-31T16:44:56","date_gmt":"2020-07-31T20:44:56","guid":{"rendered":"https:\/\/1floridaadrc.org\/?page_id=83"},"modified":"2024-06-18T15:37:48","modified_gmt":"2024-06-18T19:37:48","slug":"resources","status":"publish","type":"page","link":"https:\/\/1floridaadrc.org\/es\/resources\/","title":{"rendered":"Recursos"},"content":{"rendered":"<h2 class=\"has-text-align-center has-background-color has-text-color wp-block-heading\">Centro de Recursos<\/h2>\n<p class=\"has-text-align-center has-background-color has-text-color has-medium-font-size\">The 1Florida ADRC provides many great Alzheimer\u2019s resources available to you in Florida. Please click on the Institution to view<\/p>\n<p style=\"text-align: center;\"><a href=\"https:\/\/aging.ufl.edu\/research\/\">Universidad de la Florida<\/a><\/p>\n<p style=\"text-align: center;\"><a href=\"https:\/\/med.miami.edu\/centers-and-institutes\/center-for-cognitive-neuroscience-and-aging\">Universidad de Miami\u00a0<\/a><\/p>\n<p style=\"text-align: center;\"><a href=\"https:\/\/www.msmc.com\/medical_care\/memory-disorders-and-alzheimers-disease\/\">Mt. Sinai Medical Center<\/a><\/p>\n<h5><\/h5>\n<hr class=\"wp-block-separator\" \/>\n<div class=\"wp-block-group alignfull has-background-background-color has-background\">\n<div class=\"wp-block-group__inner-container is-layout-flow\">\n<p class=\"has-text-align-center\" style=\"font-size: 37px;\"><strong>Estado de los recursos de la Florida<\/strong><\/p>\n<div class=\"wp-block-columns alignfull has-background-light-background-color has-background is-layout-flex wp-container-6\">\n<div class=\"wp-block-column is-layout-flow\">\n<div class=\"wp-block-image\">\n<figure class=\"aligncenter size-large is-resized\"><a href=\"https:\/\/www.alz.org\/local_resources\/find_your_local_chapter#SearchStart\"><img data-attachment-id=\"121\" data-permalink=\"https:\/\/1floridaadrc.org\/es\/adrc_sprites-1\/\" data-orig-file=\"https:\/\/i0.wp.com\/1floridaadrc.org\/wp-content\/uploads\/2020\/07\/adrc_sprites-1.png?fit=171%2C121&amp;ssl=1\" data-orig-size=\"171,121\" data-comments-opened=\"1\" data-image-meta=\"{&quot;aperture&quot;:&quot;0&quot;,&quot;credit&quot;:&quot;&quot;,&quot;camera&quot;:&quot;&quot;,&quot;caption&quot;:&quot;&quot;,&quot;created_timestamp&quot;:&quot;0&quot;,&quot;copyright&quot;:&quot;&quot;,&quot;focal_length&quot;:&quot;0&quot;,&quot;iso&quot;:&quot;0&quot;,&quot;shutter_speed&quot;:&quot;0&quot;,&quot;title&quot;:&quot;&quot;,&quot;orientation&quot;:&quot;0&quot;}\" data-image-title=\"adrc_sprites-1\" data-image-description=\"\" data-image-caption=\"\" data-large-file=\"https:\/\/i0.wp.com\/1floridaadrc.org\/wp-content\/uploads\/2020\/07\/adrc_sprites-1.png?fit=171%2C121&amp;ssl=1\" loading=\"lazy\" decoding=\"async\" class=\"wp-image-121\" src=\"https:\/\/i0.wp.com\/1floridaadrc.org\/wp-content\/uploads\/2020\/07\/adrc_sprites-1.png?resize=137%2C96&amp;ssl=1\" alt=\"\" width=\"137\" height=\"96\" data-recalc-dims=\"1\" \/><\/a><\/figure>\n<\/div>\n<p class=\"has-text-align-center\"><strong>Cap\u00edtulos<\/strong><\/p>\n<\/div>\n<div class=\"wp-block-column is-layout-flow\">\n<div class=\"wp-block-image\">\n<figure class=\"aligncenter size-large is-resized\"><a href=\"https:\/\/www.alz.org\/cnfl\"><img data-attachment-id=\"123\" data-permalink=\"https:\/\/1floridaadrc.org\/es\/3-ppl-2\/\" data-orig-file=\"https:\/\/i0.wp.com\/1floridaadrc.org\/wp-content\/uploads\/2020\/07\/3-ppl-2.png?fit=123%2C113&amp;ssl=1\" data-orig-size=\"123,113\" data-comments-opened=\"1\" data-image-meta=\"{&quot;aperture&quot;:&quot;0&quot;,&quot;credit&quot;:&quot;&quot;,&quot;camera&quot;:&quot;&quot;,&quot;caption&quot;:&quot;&quot;,&quot;created_timestamp&quot;:&quot;0&quot;,&quot;copyright&quot;:&quot;&quot;,&quot;focal_length&quot;:&quot;0&quot;,&quot;iso&quot;:&quot;0&quot;,&quot;shutter_speed&quot;:&quot;0&quot;,&quot;title&quot;:&quot;&quot;,&quot;orientation&quot;:&quot;0&quot;}\" data-image-title=\"3-ppl-2\" data-image-description=\"\" data-image-caption=\"\" data-large-file=\"https:\/\/i0.wp.com\/1floridaadrc.org\/wp-content\/uploads\/2020\/07\/3-ppl-2.png?fit=123%2C113&amp;ssl=1\" loading=\"lazy\" decoding=\"async\" class=\"wp-image-123\" src=\"https:\/\/i0.wp.com\/1floridaadrc.org\/wp-content\/uploads\/2020\/07\/3-ppl-2.png?resize=103%2C95&amp;ssl=1\" alt=\"\" width=\"103\" height=\"95\" data-recalc-dims=\"1\" \/><\/a><\/figure>\n<\/div>\n<p class=\"has-text-align-center\"><strong>Grupos De Apoyo<\/strong><\/p>\n<\/div>\n<div class=\"wp-block-column is-layout-flow\">\n<div class=\"wp-block-image\">\n<figure class=\"aligncenter size-large is-resized\"><a href=\"https:\/\/elderaffairs.org\/\"><img data-attachment-id=\"124\" data-permalink=\"https:\/\/1floridaadrc.org\/es\/old-ppl-2\/\" data-orig-file=\"https:\/\/i0.wp.com\/1floridaadrc.org\/wp-content\/uploads\/2020\/07\/old-ppl-2.png?fit=116%2C117&amp;ssl=1\" data-orig-size=\"116,117\" data-comments-opened=\"1\" data-image-meta=\"{&quot;aperture&quot;:&quot;0&quot;,&quot;credit&quot;:&quot;&quot;,&quot;camera&quot;:&quot;&quot;,&quot;caption&quot;:&quot;&quot;,&quot;created_timestamp&quot;:&quot;0&quot;,&quot;copyright&quot;:&quot;&quot;,&quot;focal_length&quot;:&quot;0&quot;,&quot;iso&quot;:&quot;0&quot;,&quot;shutter_speed&quot;:&quot;0&quot;,&quot;title&quot;:&quot;&quot;,&quot;orientation&quot;:&quot;0&quot;}\" data-image-title=\"old-ppl-2\" data-image-description=\"\" data-image-caption=\"\" data-large-file=\"https:\/\/i0.wp.com\/1floridaadrc.org\/wp-content\/uploads\/2020\/07\/old-ppl-2.png?fit=116%2C117&amp;ssl=1\" loading=\"lazy\" decoding=\"async\" class=\"wp-image-124\" src=\"https:\/\/i0.wp.com\/1floridaadrc.org\/wp-content\/uploads\/2020\/07\/old-ppl-2.png?resize=99%2C100&amp;ssl=1\" alt=\"\" width=\"99\" height=\"100\" data-recalc-dims=\"1\" \/><\/a><\/figure>\n<\/div>\n<p class=\"has-text-align-center\"><strong>Asuntos De Ancianos<\/strong><\/p>\n<\/div>\n<div class=\"wp-block-column is-layout-flow\">\n<div class=\"wp-block-image\">\n<figure class=\"aligncenter size-large is-resized\"><a href=\"https:\/\/www.payingforseniorcare.com\/florida\/alzheimers-disease-initiative\"><img data-attachment-id=\"125\" data-permalink=\"https:\/\/1floridaadrc.org\/es\/light-1\/\" data-orig-file=\"https:\/\/i0.wp.com\/1floridaadrc.org\/wp-content\/uploads\/2020\/07\/light-1.png?fit=101%2C120&amp;ssl=1\" data-orig-size=\"101,120\" data-comments-opened=\"1\" data-image-meta=\"{&quot;aperture&quot;:&quot;0&quot;,&quot;credit&quot;:&quot;&quot;,&quot;camera&quot;:&quot;&quot;,&quot;caption&quot;:&quot;&quot;,&quot;created_timestamp&quot;:&quot;0&quot;,&quot;copyright&quot;:&quot;&quot;,&quot;focal_length&quot;:&quot;0&quot;,&quot;iso&quot;:&quot;0&quot;,&quot;shutter_speed&quot;:&quot;0&quot;,&quot;title&quot;:&quot;&quot;,&quot;orientation&quot;:&quot;0&quot;}\" data-image-title=\"light-1\" data-image-description=\"\" data-image-caption=\"\" data-large-file=\"https:\/\/i0.wp.com\/1floridaadrc.org\/wp-content\/uploads\/2020\/07\/light-1.png?fit=101%2C120&amp;ssl=1\" loading=\"lazy\" decoding=\"async\" class=\"wp-image-125\" src=\"https:\/\/i0.wp.com\/1floridaadrc.org\/wp-content\/uploads\/2020\/07\/light-1.png?resize=87%2C103&amp;ssl=1\" alt=\"\" width=\"87\" height=\"103\" data-recalc-dims=\"1\" \/><\/a><\/figure>\n<\/div>\n<p class=\"has-text-align-center\"><strong>ALZ Iniciativias<\/strong><\/p>\n<\/div>\n<div class=\"wp-block-column is-layout-flow\">\n<div class=\"wp-block-image\">\n<figure class=\"aligncenter size-large is-resized\"><a href=\"https:\/\/1floridaadrc.org\/wp-content\/uploads\/2023\/09\/2022-MDC-Map.pdf\"><img data-attachment-id=\"126\" data-permalink=\"https:\/\/1floridaadrc.org\/es\/brain-1\/\" data-orig-file=\"https:\/\/i0.wp.com\/1floridaadrc.org\/wp-content\/uploads\/2020\/07\/brain-1.png?fit=125%2C110&amp;ssl=1\" data-orig-size=\"125,110\" data-comments-opened=\"1\" data-image-meta=\"{&quot;aperture&quot;:&quot;0&quot;,&quot;credit&quot;:&quot;&quot;,&quot;camera&quot;:&quot;&quot;,&quot;caption&quot;:&quot;&quot;,&quot;created_timestamp&quot;:&quot;0&quot;,&quot;copyright&quot;:&quot;&quot;,&quot;focal_length&quot;:&quot;0&quot;,&quot;iso&quot;:&quot;0&quot;,&quot;shutter_speed&quot;:&quot;0&quot;,&quot;title&quot;:&quot;&quot;,&quot;orientation&quot;:&quot;0&quot;}\" data-image-title=\"brain-1\" data-image-description=\"\" data-image-caption=\"\" data-large-file=\"https:\/\/i0.wp.com\/1floridaadrc.org\/wp-content\/uploads\/2020\/07\/brain-1.png?fit=125%2C110&amp;ssl=1\" loading=\"lazy\" decoding=\"async\" class=\"wp-image-126\" src=\"https:\/\/i0.wp.com\/1floridaadrc.org\/wp-content\/uploads\/2020\/07\/brain-1.png?resize=120%2C106&amp;ssl=1\" alt=\"\" width=\"120\" height=\"106\" data-recalc-dims=\"1\" \/><\/a><\/figure>\n<\/div>\n<p class=\"has-text-align-center\" style=\"text-align: center;\"><strong>Cl\u00ednicas De Trastornos De Memoria<\/strong><\/p>\n<\/div>\n<\/div>\n<\/div>\n<\/div>\n<hr class=\"wp-block-separator\" \/>\n<div class=\"wp-block-group alignfull\">\n<div class=\"wp-block-group__inner-container is-layout-flow\">\n<h2 class=\"has-text-align-center wp-block-heading\">Recursos Nacionales<\/h2>\n<div class=\"wp-block-columns is-layout-flex wp-container-14\">\n<div class=\"wp-block-column is-layout-flow\">\n<div class=\"wp-block-image\">\n<figure class=\"aligncenter size-large\"><img data-attachment-id=\"99\" data-permalink=\"https:\/\/1floridaadrc.org\/es\/mag-glass\/\" data-orig-file=\"https:\/\/i0.wp.com\/1floridaadrc.org\/wp-content\/uploads\/2020\/07\/mag-glass.png?fit=160%2C160&amp;ssl=1\" data-orig-size=\"160,160\" data-comments-opened=\"1\" data-image-meta=\"{&quot;aperture&quot;:&quot;0&quot;,&quot;credit&quot;:&quot;&quot;,&quot;camera&quot;:&quot;&quot;,&quot;caption&quot;:&quot;&quot;,&quot;created_timestamp&quot;:&quot;0&quot;,&quot;copyright&quot;:&quot;&quot;,&quot;focal_length&quot;:&quot;0&quot;,&quot;iso&quot;:&quot;0&quot;,&quot;shutter_speed&quot;:&quot;0&quot;,&quot;title&quot;:&quot;&quot;,&quot;orientation&quot;:&quot;0&quot;}\" data-image-title=\"mag-glass\" data-image-description=\"\" data-image-caption=\"\" data-large-file=\"https:\/\/i0.wp.com\/1floridaadrc.org\/wp-content\/uploads\/2020\/07\/mag-glass.png?fit=160%2C160&amp;ssl=1\" loading=\"lazy\" decoding=\"async\" class=\"wp-image-99 alignleft\" src=\"https:\/\/i0.wp.com\/1floridaadrc.org\/wp-content\/uploads\/2020\/07\/mag-glass.png?resize=160%2C160&amp;ssl=1\" alt=\"\" width=\"160\" height=\"160\" data-recalc-dims=\"1\" \/><\/figure>\n<\/div>\n<div class=\"wp-block-buttons aligncenter is-layout-flex\">\n<div><\/div>\n<div class=\"wp-block-button\">\u00a0 \u00a0 \u00a0 \u00a0 \u00a0 \u00a0 \u00a0 \u00a0 \u00a0 \u00a0 \u00a0 \u00a0 \u00a0 \u00a0 <a class=\"wp-block-button__link\" href=\"https:\/\/www.alz.org\/alzheimers-dementia\/research_progress\/clinical-trials\/trialmatch\" target=\"_blank\" rel=\"https:\/\/1floridaadrc.org\/wp-content\/uploads\/2020\/07\/mag-glass.png?w=160 noopener noreferrer\">Prueba de Compatibilidad<\/a><\/div>\n<\/div>\n<\/div>\n<div class=\"wp-block-column is-layout-flow\">\n<div class=\"wp-block-image\">\n<figure class=\"aligncenter size-large\"><img data-attachment-id=\"100\" data-permalink=\"https:\/\/1floridaadrc.org\/es\/nia\/\" data-orig-file=\"https:\/\/i0.wp.com\/1floridaadrc.org\/wp-content\/uploads\/2020\/07\/nia.png?fit=160%2C158&amp;ssl=1\" data-orig-size=\"160,158\" data-comments-opened=\"1\" data-image-meta=\"{&quot;aperture&quot;:&quot;0&quot;,&quot;credit&quot;:&quot;&quot;,&quot;camera&quot;:&quot;&quot;,&quot;caption&quot;:&quot;&quot;,&quot;created_timestamp&quot;:&quot;0&quot;,&quot;copyright&quot;:&quot;&quot;,&quot;focal_length&quot;:&quot;0&quot;,&quot;iso&quot;:&quot;0&quot;,&quot;shutter_speed&quot;:&quot;0&quot;,&quot;title&quot;:&quot;&quot;,&quot;orientation&quot;:&quot;0&quot;}\" data-image-title=\"nia\" data-image-description=\"\" data-image-caption=\"\" data-large-file=\"https:\/\/i0.wp.com\/1floridaadrc.org\/wp-content\/uploads\/2020\/07\/nia.png?fit=160%2C158&amp;ssl=1\" loading=\"lazy\" decoding=\"async\" class=\"wp-image-100 alignleft\" src=\"https:\/\/i0.wp.com\/1floridaadrc.org\/wp-content\/uploads\/2020\/07\/nia.png?resize=160%2C158&amp;ssl=1\" alt=\"\" width=\"160\" height=\"158\" data-recalc-dims=\"1\" \/><\/figure>\n<\/div>\n<div><\/div>\n<div class=\"wp-block-buttons aligncenter is-layout-flex\">\n<div class=\"wp-block-button\">\u00a0 \u00a0 \u00a0 \u00a0 \u00a0 \u00a0 \u00a0 \u00a0 \u00a0 \u00a0 \u00a0 \u00a0 \u00a0 \u00a0 \u00a0 \u00a0 \u00a0<a class=\"wp-block-button__link\" href=\"https:\/\/www.nia.nih.gov\/\" target=\"_blank\" rel=\"https:\/\/www.nia.nih.gov\/ noopener noreferrer\">Instituto Nacional sobre el Envejecimiento<\/a><\/div>\n<\/div>\n<\/div>\n<div class=\"wp-block-column is-layout-flow\">\n<div class=\"wp-block-image\">\n<figure class=\"aligncenter size-large\"><img data-attachment-id=\"102\" data-permalink=\"https:\/\/1floridaadrc.org\/es\/alzheimers_association\/\" data-orig-file=\"https:\/\/i0.wp.com\/1floridaadrc.org\/wp-content\/uploads\/2020\/07\/alzheimers_association.jpg?fit=160%2C160&amp;ssl=1\" data-orig-size=\"160,160\" data-comments-opened=\"1\" data-image-meta=\"{&quot;aperture&quot;:&quot;0&quot;,&quot;credit&quot;:&quot;&quot;,&quot;camera&quot;:&quot;&quot;,&quot;caption&quot;:&quot;&quot;,&quot;created_timestamp&quot;:&quot;1463159127&quot;,&quot;copyright&quot;:&quot;&quot;,&quot;focal_length&quot;:&quot;0&quot;,&quot;iso&quot;:&quot;0&quot;,&quot;shutter_speed&quot;:&quot;0&quot;,&quot;title&quot;:&quot;&quot;,&quot;orientation&quot;:&quot;1&quot;}\" data-image-title=\"alzheimers_association\" data-image-description=\"\" data-image-caption=\"\" data-large-file=\"https:\/\/i0.wp.com\/1floridaadrc.org\/wp-content\/uploads\/2020\/07\/alzheimers_association.jpg?fit=160%2C160&amp;ssl=1\" loading=\"lazy\" decoding=\"async\" class=\"wp-image-102 alignleft\" src=\"https:\/\/i0.wp.com\/1floridaadrc.org\/wp-content\/uploads\/2020\/07\/alzheimers_association.jpg?resize=160%2C160&amp;ssl=1\" alt=\"\" width=\"160\" height=\"160\" data-recalc-dims=\"1\" \/><\/figure>\n<\/div>\n<div class=\"wp-block-buttons aligncenter is-layout-flex\">\n<div><\/div>\n<div class=\"wp-block-button\">\u00a0 \u00a0 \u00a0 \u00a0 \u00a0 \u00a0 \u00a0 \u00a0 \u00a0<a class=\"wp-block-button__link\" href=\"https:\/\/www.alz.org\/?utm_expid=.eKJFoPf0Qy61mHQXRUieeg.0&amp;utm_referrer=\" target=\"_blank\" rel=\"https:\/\/www.alz.org\/?utm_expid=.eKJFoPf0Qy61mHQXRUieeg.0&amp;utm_referrer= noopener noreferrer\">\u00a0Alzheimer\u2019s Association<\/a><\/div>\n<\/div>\n<\/div>\n<\/div>\n<hr class=\"wp-block-separator\" \/>\n<h2 class=\"has-text-align-center has-black-color has-text-color wp-block-heading\">Preguntas Frecuentes<\/h2>\n<div class=\"wp-block-columns alignfull is-layout-flex wp-container-17\">\n<div class=\"wp-block-column is-layout-flow\">\n<h3 class=\"wp-block-heading\">Estoy interesado en pruebas para la enfermedad de Alzheimer, \u00bfofrecen ustedes estas pruebas?<\/h3>\n<p>There are currently no specific tests to confirm Alzheimer\u2019s disease. Neurologists can make a judgment about whether Alzheimer\u2019s is the most likely cause of specific symptoms based on the information you provide and results of various tests that can help clarify the diagnosis. Doctors can nearly always determine whether you have dementia, and they can often identify whether your dementia is due to Alzheimer\u2019s disease. However, Alzheimer\u2019s disease can be diagnosed with complete accuracy only after death, when microscopic examination of the brain reveals the characteristic plaques and tangles. Genetic testing generally isn\u2019t recommended for a routine Alzheimer\u2019s disease evaluation. The exception is people who have a history of early-onset Alzheimer\u2019s disease. However, anyone with a family history of early Alzheimer\u2019s needs to meet with a genetic counselor to discuss the risks and benefits of genetic testing.<\/p>\n<\/div>\n<div class=\"wp-block-column is-layout-flow\">\n<h3 class=\"wp-block-heading\">\u00bfC\u00f3mo puedo participar en un estudios cl\u00ednico de investigaci\u00f3n sobre la enfermedad de Alzheimer?<\/h3>\n<p>Puede haber estudios en uno de nuestros centros, que actualmente est\u00e9n reclutando participantes; para obtener informaci\u00f3n sobre estos estudios y sus ubicaciones por favor visite: https:\/\/clinicaltrials.gov\/\u00a0<a href=\"https:\/\/clinicaltrials.gov\/\" target=\"_blank\" rel=\"noreferrer noopener\">https:\/\/clinicaltrials.gov\/<\/a><\/p>\n<\/div>\n<div class=\"wp-block-column\">\n<h3 class=\"wp-block-heading\">How can I find out more information about Adulhelm, the new drug treatment for Alzheimer\u2019s Disease?<\/h3>\n<p>The Food and Drug Administration (FDA) has provisionally approved this medication. We recommend that you consult with your medical provider about this medication. You can find a memory disorders expert in the state of Florida here: <a href=\"https:\/\/elderaffairs.org\/programs-services\/bureau-of-elder-rights\/alzheimers-disease-initiative\/\" target=\"_blank\" rel=\"noreferrer noopener\">https:\/\/elderaffairs.org\/programs-services\/bureau-of-elder-rights\/alzheimers-disease-initiative\/ <\/a><\/p>\n<\/div>\n<\/div>\n<\/div>\n<\/div>","protected":false},"excerpt":{"rendered":"<p>Center Resources The 1Florida ADRC provides many great Alzheimer\u2019s resources available to you in Florida. Please click on the Institution to view University of Florida University of Miami\u00a0 Mt. Sinai Medical Center State of Florida Resources CHAPTERS SUPPORT GROUPS ELDER AFFAIRS ALZ INITIATIVES MEMORY DISORDER CLINICS National Resources \u00a0 \u00a0 \u00a0 \u00a0 \u00a0 \u00a0 \u00a0<\/p>","protected":false},"author":188084778,"featured_media":0,"parent":0,"menu_order":0,"comment_status":"closed","ping_status":"closed","template":"fullwidth.php","meta":{"_coblocks_attr":"","_coblocks_dimensions":"","_coblocks_responsive_height":"","_coblocks_accordion_ie_support":"","_crdt_document":"","footnotes":""},"class_list":["post-83","page","type-page","status-publish","hentry"],"jetpack_likes_enabled":false,"jetpack_sharing_enabled":true,"jetpack_shortlink":"https:\/\/wp.me\/Pc6God-1l","amp_enabled":false,"_links":{"self":[{"href":"https:\/\/1floridaadrc.org\/es\/wp-json\/wp\/v2\/pages\/83","targetHints":{"allow":["GET"]}}],"collection":[{"href":"https:\/\/1floridaadrc.org\/es\/wp-json\/wp\/v2\/pages"}],"about":[{"href":"https:\/\/1floridaadrc.org\/es\/wp-json\/wp\/v2\/types\/page"}],"author":[{"embeddable":true,"href":"https:\/\/1floridaadrc.org\/es\/wp-json\/wp\/v2\/users\/188084778"}],"replies":[{"embeddable":true,"href":"https:\/\/1floridaadrc.org\/es\/wp-json\/wp\/v2\/comments?post=83"}],"version-history":[{"count":94,"href":"https:\/\/1floridaadrc.org\/es\/wp-json\/wp\/v2\/pages\/83\/revisions"}],"predecessor-version":[{"id":2716,"href":"https:\/\/1floridaadrc.org\/es\/wp-json\/wp\/v2\/pages\/83\/revisions\/2716"}],"wp:attachment":[{"href":"https:\/\/1floridaadrc.org\/es\/wp-json\/wp\/v2\/media?parent=83"}],"curies":[{"name":"wp","href":"https:\/\/api.w.org\/{rel}","templated":true}]}}